{"id":1804,"date":"2022-08-23T18:41:00","date_gmt":"2022-08-23T16:41:00","guid":{"rendered":"https:\/\/cbbenicarlo.com\/?page_id=1804"},"modified":"2024-10-30T19:25:09","modified_gmt":"2024-10-30T18:25:09","slug":"hazme-socio","status":"publish","type":"page","link":"https:\/\/cbbenicarlo.com\/?page_id=1804","title":{"rendered":"\u00a1Hazme SOCIO!"},"content":{"rendered":"\t\t<div data-elementor-type=\"wp-page\" data-elementor-id=\"1804\" class=\"elementor elementor-1804\">\n\t\t\t\t\t\t<section class=\"elementor-section elementor-top-section elementor-element elementor-element-40bb933 elementor-section-boxed elementor-section-height-default elementor-section-height-default wpr-particle-no wpr-jarallax-no wpr-parallax-no wpr-sticky-section-no wpr-equal-height-no\" data-id=\"40bb933\" data-element_type=\"section\">\n\t\t\t\t\t\t<div class=\"elementor-container elementor-column-gap-default\">\n\t\t\t\t\t<div class=\"elementor-column elementor-col-100 elementor-top-column elementor-element elementor-element-88a9365\" data-id=\"88a9365\" data-element_type=\"column\" data-settings=\"{&quot;background_background&quot;:&quot;classic&quot;}\">\n\t\t\t<div class=\"elementor-widget-wrap elementor-element-populated\">\n\t\t\t\t\t\t<div class=\"elementor-element elementor-element-d969f42 elementor-widget elementor-widget-spacer\" data-id=\"d969f42\" data-element_type=\"widget\" data-widget_type=\"spacer.default\">\n\t\t\t\t<div class=\"elementor-widget-container\">\n\t\t\t<style>\/*! elementor - v3.23.0 - 05-08-2024 *\/\n.elementor-column .elementor-spacer-inner{height:var(--spacer-size)}.e-con{--container-widget-width:100%}.e-con-inner>.elementor-widget-spacer,.e-con>.elementor-widget-spacer{width:var(--container-widget-width,var(--spacer-size));--align-self:var(--container-widget-align-self,initial);--flex-shrink:0}.e-con-inner>.elementor-widget-spacer>.elementor-widget-container,.e-con>.elementor-widget-spacer>.elementor-widget-container{height:100%;width:100%}.e-con-inner>.elementor-widget-spacer>.elementor-widget-container>.elementor-spacer,.e-con>.elementor-widget-spacer>.elementor-widget-container>.elementor-spacer{height:100%}.e-con-inner>.elementor-widget-spacer>.elementor-widget-container>.elementor-spacer>.elementor-spacer-inner,.e-con>.elementor-widget-spacer>.elementor-widget-container>.elementor-spacer>.elementor-spacer-inner{height:var(--container-widget-height,var(--spacer-size))}.e-con-inner>.elementor-widget-spacer.elementor-widget-empty,.e-con>.elementor-widget-spacer.elementor-widget-empty{position:relative;min-height:22px;min-width:22px}.e-con-inner>.elementor-widget-spacer.elementor-widget-empty .elementor-widget-empty-icon,.e-con>.elementor-widget-spacer.elementor-widget-empty .elementor-widget-empty-icon{position:absolute;top:0;bottom:0;left:0;right:0;margin:auto;padding:0;width:22px;height:22px}<\/style>\t\t<div class=\"elementor-spacer\">\n\t\t\t<div class=\"elementor-spacer-inner\"><\/div>\n\t\t<\/div>\n\t\t\t\t<\/div>\n\t\t\t\t<\/div>\n\t\t\t\t\t<\/div>\n\t\t<\/div>\n\t\t\t\t\t<\/div>\n\t\t<\/section>\n\t\t\t\t<section class=\"elementor-section elementor-top-section elementor-element elementor-element-d30e968 elementor-section-boxed elementor-section-height-default elementor-section-height-default wpr-particle-no wpr-jarallax-no wpr-parallax-no wpr-sticky-section-no wpr-equal-height-no\" data-id=\"d30e968\" data-element_type=\"section\">\n\t\t\t\t\t\t<div class=\"elementor-container elementor-column-gap-default\">\n\t\t\t\t\t<div class=\"elementor-column elementor-col-100 elementor-top-column elementor-element elementor-element-f053065\" data-id=\"f053065\" data-element_type=\"column\">\n\t\t\t<div class=\"elementor-widget-wrap elementor-element-populated\">\n\t\t\t\t\t\t<div class=\"elementor-element elementor-element-26523df elementor-widget elementor-widget-heading\" data-id=\"26523df\" data-element_type=\"widget\" data-widget_type=\"heading.default\">\n\t\t\t\t<div class=\"elementor-widget-container\">\n\t\t\t<style>\/*! elementor - v3.23.0 - 05-08-2024 *\/\n.elementor-heading-title{padding:0;margin:0;line-height:1}.elementor-widget-heading .elementor-heading-title[class*=elementor-size-]>a{color:inherit;font-size:inherit;line-height:inherit}.elementor-widget-heading .elementor-heading-title.elementor-size-small{font-size:15px}.elementor-widget-heading .elementor-heading-title.elementor-size-medium{font-size:19px}.elementor-widget-heading .elementor-heading-title.elementor-size-large{font-size:29px}.elementor-widget-heading .elementor-heading-title.elementor-size-xl{font-size:39px}.elementor-widget-heading .elementor-heading-title.elementor-size-xxl{font-size:59px}<\/style><h2 class=\"elementor-heading-title elementor-size-default\">\u00a1Hazte SOCIO\/A!<br><\/h2>\t\t<\/div>\n\t\t\t\t<\/div>\n\t\t\t\t\t<\/div>\n\t\t<\/div>\n\t\t\t\t\t<\/div>\n\t\t<\/section>\n\t\t\t\t<section class=\"elementor-section elementor-top-section elementor-element elementor-element-47498198 elementor-section-boxed elementor-section-height-default elementor-section-height-default wpr-particle-no wpr-jarallax-no wpr-parallax-no wpr-sticky-section-no wpr-equal-height-no\" data-id=\"47498198\" data-element_type=\"section\">\n\t\t\t\t\t\t<div class=\"elementor-container elementor-column-gap-default\">\n\t\t\t\t\t<div class=\"elementor-column elementor-col-100 elementor-top-column elementor-element elementor-element-1f5a0d1\" data-id=\"1f5a0d1\" data-element_type=\"column\">\n\t\t\t<div class=\"elementor-widget-wrap elementor-element-populated\">\n\t\t\t\t\t\t<div class=\"elementor-element elementor-element-507b20af elementor-widget elementor-widget-text-editor\" data-id=\"507b20af\" data-element_type=\"widget\" data-widget_type=\"text-editor.default\">\n\t\t\t\t<div class=\"elementor-widget-container\">\n\t\t\t<style>\/*! elementor - v3.23.0 - 05-08-2024 *\/\n.elementor-widget-text-editor.elementor-drop-cap-view-stacked .elementor-drop-cap{background-color:#69727d;color:#fff}.elementor-widget-text-editor.elementor-drop-cap-view-framed .elementor-drop-cap{color:#69727d;border:3px solid;background-color:transparent}.elementor-widget-text-editor:not(.elementor-drop-cap-view-default) .elementor-drop-cap{margin-top:8px}.elementor-widget-text-editor:not(.elementor-drop-cap-view-default) .elementor-drop-cap-letter{width:1em;height:1em}.elementor-widget-text-editor .elementor-drop-cap{float:left;text-align:center;line-height:1;font-size:50px}.elementor-widget-text-editor .elementor-drop-cap-letter{display:inline-block}<\/style>\t\t\t\t<h2><span style=\"font-size: 16px; color: var( --e-global-color-text ); letter-spacing: var( --e-global-typography-text-letter-spacing ); text-transform: var( --e-global-typography-text-text-transform ); word-spacing: 0em;\">Formulario de alta para la campa\u00f1a de abonos de la Temporada 24\/25.<\/span><\/h2>\n<p><\/p>\n<p>Date de alta como socio\/a en <a href=\"https:\/\/app.cluber.es\/clubes\/642d3c2cbd12d381903752\/alta\/socios\"><span style=\"text-decoration: underline; color: #ff0000;\">este enlace<\/span><\/a>.<\/p>\n<p><\/p>\n<p>Para cualquier duda, puedes contactarnos a trav\u00e9s de Whatsapp: 633 39 85 83.<\/p>\n<p><strong style=\"font-size: 16px; color: var( --e-global-color-text ); letter-spacing: 0px; word-spacing: 0em;\">&nbsp;<\/strong><\/p>\n<p><strong style=\"font-size: 16px; color: var( --e-global-color-text ); letter-spacing: 0px; word-spacing: 0em;\">\u00a1Contamos contigo!<\/strong><\/p>\n<p><strong style=\"font-size: 16px; color: var( --e-global-color-text ); letter-spacing: 0px; word-spacing: 0em;\"><br><\/strong><\/p>\n<p><strong>INFORMACI\u00d3N Y PRECIOS ABONOS TEMPORADA 24-25:&nbsp;<\/strong><\/p>\n<p><em>ABONO GENERAL (70\u20ac): <\/em>Abono para 1 persona.&nbsp;<span style=\"font-family: Poppins, sans-serif; font-size: 16px; font-style: normal; font-variant-ligatures: normal; font-variant-caps: normal; font-weight: bolder; color: var( --e-global-color-text ); letter-spacing: 0px;\">Incluye partidos de Liga regular y de nuestro grupo en Copa Espa\u00f1a.<\/span><\/p>\n<p><em>ABONO FAMILIAR (130\u20ac): <\/em>2 abonos para miembros de la misma familia. <strong>Incluye partidos de Liga regular y de nuestro grupo en Copa Espa\u00f1a.<\/strong><\/p>\n<p><em>ABONO VIP (140\u20ac)<\/em>: <strong>Incluye catering a la media parte, butaca en la zona VIP y, adem\u00e1s, es el \u00fanico abono en el que est\u00e1n incluidos todos los partidos de playoffs.&nbsp;<\/strong><\/p>\n<p><em>ABONO SILLA RESERVADA (100\u20ac): <\/em><strong>Te guardaremos tu asiento siempre para ti en todos los partidos.&nbsp;<\/strong><span style=\"font-family: Poppins, sans-serif; font-size: 16px; font-style: normal; font-variant-ligatures: normal; font-variant-caps: normal; font-weight: bolder; color: var( --e-global-color-text ); letter-spacing: 0px;\">Incluye partidos de Liga regular y de nuestro grupo en Copa Espa\u00f1a.<\/span><\/p>\n<p><em>ABONO JOVEN (40\u20ac): <\/em>Para personas que tengan entre 16 y 21 a\u00f1os. Es necesario ense\u00f1ar el DNI a la entrega del carnet.&nbsp;<span style=\"font-family: Poppins, sans-serif; font-size: 16px; font-style: normal; font-variant-ligatures: normal; font-variant-caps: normal; font-weight: bolder; color: var( --e-global-color-text ); letter-spacing: 0px;\">Incluye partidos de Liga regular y de nuestro grupo en Copa Espa\u00f1a.<\/span><\/p>\n<p><span style=\"font-family: Poppins, sans-serif; font-size: 16px; font-style: normal; font-variant-ligatures: normal; font-variant-caps: normal; font-weight: bolder; color: var( --e-global-color-text ); letter-spacing: 0px;\"><br><\/span><\/p>\n<p><span style=\"font-family: Poppins, sans-serif; font-size: 16px; font-style: normal; font-variant-ligatures: normal; font-variant-caps: normal; font-weight: bolder; color: var( --e-global-color-text ); letter-spacing: 0px;\"><br><\/span><\/p>\n<p><!-- wp:paragraph {\"fontSize\":\"medium\"} --><\/p>\n<p><!-- \/wp:paragraph --><\/p>\n<p><!-- wp:paragraph {\"fontSize\":\"medium\"} --><\/p>\n<p><!-- \/wp:paragraph --><\/p>\n<p><!-- wp:paragraph {\"fontSize\":\"medium\"} --><\/p>\n<p><!-- \/wp:paragraph --><\/p>\n<p><!-- wp:paragraph {\"fontSize\":\"medium\"} --><\/p>\n<p><!-- \/wp:paragraph --><\/p>\n<p><!-- wp:paragraph {\"fontSize\":\"medium\"} --><\/p>\n<p><!-- \/wp:paragraph --><\/p>\n<p><!-- wp:paragraph {\"fontSize\":\"medium\"} --><\/p>\n<p><!-- \/wp:paragraph --><\/p>\n<p><!-- wp:paragraph {\"fontSize\":\"medium\"} --><\/p>\n<p><!-- \/wp:paragraph --><\/p>\n<p><!-- wp:paragraph {\"fontSize\":\"medium\"} --><\/p>\n<p><!-- \/wp:paragraph --><\/p>\n<p><!-- wp:paragraph {\"fontSize\":\"medium\"} --><\/p>\n<p><!-- \/wp:paragraph --><\/p>\n<p><br><\/p>\t\t\t\t\t\t<\/div>\n\t\t\t\t<\/div>\n\t\t\t\t\t<\/div>\n\t\t<\/div>\n\t\t\t\t\t<\/div>\n\t\t<\/section>\n\t\t\t\t<\/div>\n\t\t","protected":false},"excerpt":{"rendered":"<p>\u00a1Hazte SOCIO\/A! Formulario de alta para la campa\u00f1a de abonos de la Temporada 24\/25. Date de alta como socio\/a en este enlace. Para cualquier duda, puedes contactarnos a trav\u00e9s de Whatsapp: 633 39 85 83. &nbsp; \u00a1Contamos contigo! INFORMACI\u00d3N Y PRECIOS ABONOS TEMPORADA 24-25:&nbsp; ABONO GENERAL (70\u20ac): Abono para 1 persona.&nbsp;Incluye partidos de Liga regular y de nuestro grupo en Copa Espa\u00f1a. ABONO FAMILIAR (130\u20ac): 2 abonos para miembros de la misma familia. Incluye partidos de Liga regular y de nuestro grupo en Copa Espa\u00f1a. ABONO VIP (140\u20ac): Incluye catering a la media parte, butaca en la zona VIP y, adem\u00e1s, es el \u00fanico abono en el que est\u00e1n incluidos todos los partidos de playoffs.&nbsp; ABONO SILLA RESERVADA (100\u20ac): Te guardaremos tu asiento siempre para ti en todos los partidos.&nbsp;Incluye partidos de Liga regular y de nuestro grupo en Copa Espa\u00f1a. ABONO JOVEN (40\u20ac): Para personas que tengan entre 16 y 21 a\u00f1os. Es necesario ense\u00f1ar el DNI a la entrega del carnet.&nbsp;Incluye partidos de Liga regular y de nuestro grupo en Copa Espa\u00f1a.<\/p>\n","protected":false},"author":1,"featured_media":1647,"parent":0,"menu_order":0,"comment_status":"closed","ping_status":"closed","template":"","meta":{"_eb_attr":""},"yoast_head":"<!-- This site is optimized with the Yoast SEO plugin v21.1 - https:\/\/yoast.com\/wordpress\/plugins\/seo\/ -->\n<title>\u00a1Hazme SOCIO! | Club Basquet Benicarl\u00f3<\/title>\n<meta name=\"description\" content=\"\u00a1HAZTE SOCIO! Formulario de alta para la inscripci\u00f3n de socio para la temporada 22\/23. \u00a1TODO AL ROJO!\" \/>\n<meta name=\"robots\" content=\"index, follow, max-snippet:-1, max-image-preview:large, max-video-preview:-1\" \/>\n<link rel=\"canonical\" href=\"https:\/\/cbbenicarlo.com\/?page_id=1804\" \/>\n<meta property=\"og:locale\" content=\"es_ES\" \/>\n<meta property=\"og:type\" content=\"article\" \/>\n<meta property=\"og:title\" content=\"\u00a1Hazme SOCIO! | Club Basquet Benicarl\u00f3\" \/>\n<meta property=\"og:description\" content=\"\u00a1HAZTE SOCIO! Formulario de alta para la inscripci\u00f3n de socio para la temporada 22\/23. \u00a1TODO AL ROJO!\" \/>\n<meta property=\"og:url\" content=\"https:\/\/cbbenicarlo.com\/?page_id=1804\" \/>\n<meta property=\"og:site_name\" content=\"Club Basquet Benicarl\u00f3\" \/>\n<meta property=\"article:modified_time\" content=\"2024-10-30T18:25:09+00:00\" \/>\n<meta property=\"og:image\" content=\"https:\/\/cbbenicarlo.com\/wp-content\/uploads\/2022\/07\/CARTEL-ABONOS-Portada-e1664301764678-1024x1024.png\" \/>\n\t<meta property=\"og:image:width\" content=\"1024\" \/>\n\t<meta property=\"og:image:height\" content=\"1024\" \/>\n\t<meta property=\"og:image:type\" content=\"image\/png\" \/>\n<meta name=\"twitter:card\" content=\"summary_large_image\" \/>\n<meta name=\"twitter:label1\" content=\"Tiempo de lectura\" \/>\n\t<meta name=\"twitter:data1\" content=\"1 minuto\" \/>\n<script type=\"application\/ld+json\" class=\"yoast-schema-graph\">{\"@context\":\"https:\/\/schema.org\",\"@graph\":[{\"@type\":\"WebPage\",\"@id\":\"https:\/\/cbbenicarlo.com\/?page_id=1804\",\"url\":\"https:\/\/cbbenicarlo.com\/?page_id=1804\",\"name\":\"\u00a1Hazme SOCIO! | Club Basquet Benicarl\u00f3\",\"isPartOf\":{\"@id\":\"https:\/\/cbbenicarlo.com\/#website\"},\"datePublished\":\"2022-08-23T16:41:00+00:00\",\"dateModified\":\"2024-10-30T18:25:09+00:00\",\"description\":\"\u00a1HAZTE SOCIO! Formulario de alta para la inscripci\u00f3n de socio para la temporada 22\/23. \u00a1TODO AL ROJO!\",\"breadcrumb\":{\"@id\":\"https:\/\/cbbenicarlo.com\/?page_id=1804#breadcrumb\"},\"inLanguage\":\"es\",\"potentialAction\":[{\"@type\":\"ReadAction\",\"target\":[\"https:\/\/cbbenicarlo.com\/?page_id=1804\"]}]},{\"@type\":\"BreadcrumbList\",\"@id\":\"https:\/\/cbbenicarlo.com\/?page_id=1804#breadcrumb\",\"itemListElement\":[{\"@type\":\"ListItem\",\"position\":1,\"name\":\"Portada\",\"item\":\"https:\/\/cbbenicarlo.com\/\"},{\"@type\":\"ListItem\",\"position\":2,\"name\":\"\u00a1Hazme SOCIO!\"}]},{\"@type\":\"WebSite\",\"@id\":\"https:\/\/cbbenicarlo.com\/#website\",\"url\":\"https:\/\/cbbenicarlo.com\/\",\"name\":\"Club Basquet Benicarl\u00f3\",\"description\":\"P\u00e1gina Web Oficial\",\"publisher\":{\"@id\":\"https:\/\/cbbenicarlo.com\/#organization\"},\"potentialAction\":[{\"@type\":\"SearchAction\",\"target\":{\"@type\":\"EntryPoint\",\"urlTemplate\":\"https:\/\/cbbenicarlo.com\/?s={search_term_string}\"},\"query-input\":\"required name=search_term_string\"}],\"inLanguage\":\"es\"},{\"@type\":\"Organization\",\"@id\":\"https:\/\/cbbenicarlo.com\/#organization\",\"name\":\"Club B\u00e0squet Benicarl\u00f3\",\"url\":\"https:\/\/cbbenicarlo.com\/\",\"logo\":{\"@type\":\"ImageObject\",\"inLanguage\":\"es\",\"@id\":\"https:\/\/cbbenicarlo.com\/#\/schema\/logo\/image\/\",\"url\":\"https:\/\/cbbenicarlo.com\/wp-content\/uploads\/2022\/05\/cropped-cropped-cropped-CBBENICARLO2021-22-2.png\",\"contentUrl\":\"https:\/\/cbbenicarlo.com\/wp-content\/uploads\/2022\/05\/cropped-cropped-cropped-CBBENICARLO2021-22-2.png\",\"width\":512,\"height\":512,\"caption\":\"Club B\u00e0squet Benicarl\u00f3\"},\"image\":{\"@id\":\"https:\/\/cbbenicarlo.com\/#\/schema\/logo\/image\/\"}}]}<\/script>\n<!-- \/ Yoast SEO plugin. -->","yoast_head_json":{"title":"\u00a1Hazme SOCIO! | Club Basquet Benicarl\u00f3","description":"\u00a1HAZTE SOCIO! Formulario de alta para la inscripci\u00f3n de socio para la temporada 22\/23. \u00a1TODO AL ROJO!","robots":{"index":"index","follow":"follow","max-snippet":"max-snippet:-1","max-image-preview":"max-image-preview:large","max-video-preview":"max-video-preview:-1"},"canonical":"https:\/\/cbbenicarlo.com\/?page_id=1804","og_locale":"es_ES","og_type":"article","og_title":"\u00a1Hazme SOCIO! | Club Basquet Benicarl\u00f3","og_description":"\u00a1HAZTE SOCIO! Formulario de alta para la inscripci\u00f3n de socio para la temporada 22\/23. \u00a1TODO AL ROJO!","og_url":"https:\/\/cbbenicarlo.com\/?page_id=1804","og_site_name":"Club Basquet Benicarl\u00f3","article_modified_time":"2024-10-30T18:25:09+00:00","og_image":[{"width":1024,"height":1024,"url":"https:\/\/cbbenicarlo.com\/wp-content\/uploads\/2022\/07\/CARTEL-ABONOS-Portada-e1664301764678-1024x1024.png","type":"image\/png"}],"twitter_card":"summary_large_image","twitter_misc":{"Tiempo de lectura":"1 minuto"},"schema":{"@context":"https:\/\/schema.org","@graph":[{"@type":"WebPage","@id":"https:\/\/cbbenicarlo.com\/?page_id=1804","url":"https:\/\/cbbenicarlo.com\/?page_id=1804","name":"\u00a1Hazme SOCIO! | Club Basquet Benicarl\u00f3","isPartOf":{"@id":"https:\/\/cbbenicarlo.com\/#website"},"datePublished":"2022-08-23T16:41:00+00:00","dateModified":"2024-10-30T18:25:09+00:00","description":"\u00a1HAZTE SOCIO! Formulario de alta para la inscripci\u00f3n de socio para la temporada 22\/23. \u00a1TODO AL ROJO!","breadcrumb":{"@id":"https:\/\/cbbenicarlo.com\/?page_id=1804#breadcrumb"},"inLanguage":"es","potentialAction":[{"@type":"ReadAction","target":["https:\/\/cbbenicarlo.com\/?page_id=1804"]}]},{"@type":"BreadcrumbList","@id":"https:\/\/cbbenicarlo.com\/?page_id=1804#breadcrumb","itemListElement":[{"@type":"ListItem","position":1,"name":"Portada","item":"https:\/\/cbbenicarlo.com\/"},{"@type":"ListItem","position":2,"name":"\u00a1Hazme SOCIO!"}]},{"@type":"WebSite","@id":"https:\/\/cbbenicarlo.com\/#website","url":"https:\/\/cbbenicarlo.com\/","name":"Club Basquet Benicarl\u00f3","description":"P\u00e1gina Web Oficial","publisher":{"@id":"https:\/\/cbbenicarlo.com\/#organization"},"potentialAction":[{"@type":"SearchAction","target":{"@type":"EntryPoint","urlTemplate":"https:\/\/cbbenicarlo.com\/?s={search_term_string}"},"query-input":"required name=search_term_string"}],"inLanguage":"es"},{"@type":"Organization","@id":"https:\/\/cbbenicarlo.com\/#organization","name":"Club B\u00e0squet Benicarl\u00f3","url":"https:\/\/cbbenicarlo.com\/","logo":{"@type":"ImageObject","inLanguage":"es","@id":"https:\/\/cbbenicarlo.com\/#\/schema\/logo\/image\/","url":"https:\/\/cbbenicarlo.com\/wp-content\/uploads\/2022\/05\/cropped-cropped-cropped-CBBENICARLO2021-22-2.png","contentUrl":"https:\/\/cbbenicarlo.com\/wp-content\/uploads\/2022\/05\/cropped-cropped-cropped-CBBENICARLO2021-22-2.png","width":512,"height":512,"caption":"Club B\u00e0squet Benicarl\u00f3"},"image":{"@id":"https:\/\/cbbenicarlo.com\/#\/schema\/logo\/image\/"}}]}},"_links":{"self":[{"href":"https:\/\/cbbenicarlo.com\/index.php?rest_route=\/wp\/v2\/pages\/1804"}],"collection":[{"href":"https:\/\/cbbenicarlo.com\/index.php?rest_route=\/wp\/v2\/pages"}],"about":[{"href":"https:\/\/cbbenicarlo.com\/index.php?rest_route=\/wp\/v2\/types\/page"}],"author":[{"embeddable":true,"href":"https:\/\/cbbenicarlo.com\/index.php?rest_route=\/wp\/v2\/users\/1"}],"replies":[{"embeddable":true,"href":"https:\/\/cbbenicarlo.com\/index.php?rest_route=%2Fwp%2Fv2%2Fcomments&post=1804"}],"version-history":[{"count":71,"href":"https:\/\/cbbenicarlo.com\/index.php?rest_route=\/wp\/v2\/pages\/1804\/revisions"}],"predecessor-version":[{"id":2592,"href":"https:\/\/cbbenicarlo.com\/index.php?rest_route=\/wp\/v2\/pages\/1804\/revisions\/2592"}],"wp:featuredmedia":[{"embeddable":true,"href":"https:\/\/cbbenicarlo.com\/index.php?rest_route=\/wp\/v2\/media\/1647"}],"wp:attachment":[{"href":"https:\/\/cbbenicarlo.com\/index.php?rest_route=%2Fwp%2Fv2%2Fmedia&parent=1804"}],"curies":[{"name":"wp","href":"https:\/\/api.w.org\/{rel}","templated":true}]}}