{"id":1124,"date":"2022-06-06T17:17:57","date_gmt":"2022-06-06T15:17:57","guid":{"rendered":"http:\/\/cbbenicarlo.com\/?page_id=1124"},"modified":"2024-10-30T19:16:36","modified_gmt":"2024-10-30T18:16:36","slug":"patrocinadores","status":"publish","type":"page","link":"https:\/\/cbbenicarlo.com\/?page_id=1124","title":{"rendered":"PATROCINADORES"},"content":{"rendered":"\t\t<div data-elementor-type=\"wp-page\" data-elementor-id=\"1124\" class=\"elementor elementor-1124\">\n\t\t\t\t\t\t<section class=\"elementor-section elementor-top-section elementor-element elementor-element-af1a0a7 elementor-section-boxed elementor-section-height-default elementor-section-height-default wpr-particle-no wpr-jarallax-no wpr-parallax-no wpr-sticky-section-no wpr-equal-height-no\" data-id=\"af1a0a7\" data-element_type=\"section\">\n\t\t\t\t\t\t<div class=\"elementor-container elementor-column-gap-default\">\n\t\t\t\t\t<div class=\"elementor-column elementor-col-100 elementor-top-column elementor-element elementor-element-4ae7258\" data-id=\"4ae7258\" data-element_type=\"column\">\n\t\t\t<div class=\"elementor-widget-wrap elementor-element-populated\">\n\t\t\t\t\t\t<div class=\"elementor-element elementor-element-96c4c6a elementor-widget elementor-widget-spacer\" data-id=\"96c4c6a\" data-element_type=\"widget\" data-widget_type=\"spacer.default\">\n\t\t\t\t<div class=\"elementor-widget-container\">\n\t\t\t<style>\/*! elementor - v3.23.0 - 05-08-2024 *\/\n.elementor-column .elementor-spacer-inner{height:var(--spacer-size)}.e-con{--container-widget-width:100%}.e-con-inner>.elementor-widget-spacer,.e-con>.elementor-widget-spacer{width:var(--container-widget-width,var(--spacer-size));--align-self:var(--container-widget-align-self,initial);--flex-shrink:0}.e-con-inner>.elementor-widget-spacer>.elementor-widget-container,.e-con>.elementor-widget-spacer>.elementor-widget-container{height:100%;width:100%}.e-con-inner>.elementor-widget-spacer>.elementor-widget-container>.elementor-spacer,.e-con>.elementor-widget-spacer>.elementor-widget-container>.elementor-spacer{height:100%}.e-con-inner>.elementor-widget-spacer>.elementor-widget-container>.elementor-spacer>.elementor-spacer-inner,.e-con>.elementor-widget-spacer>.elementor-widget-container>.elementor-spacer>.elementor-spacer-inner{height:var(--container-widget-height,var(--spacer-size))}.e-con-inner>.elementor-widget-spacer.elementor-widget-empty,.e-con>.elementor-widget-spacer.elementor-widget-empty{position:relative;min-height:22px;min-width:22px}.e-con-inner>.elementor-widget-spacer.elementor-widget-empty .elementor-widget-empty-icon,.e-con>.elementor-widget-spacer.elementor-widget-empty .elementor-widget-empty-icon{position:absolute;top:0;bottom:0;left:0;right:0;margin:auto;padding:0;width:22px;height:22px}<\/style>\t\t<div class=\"elementor-spacer\">\n\t\t\t<div class=\"elementor-spacer-inner\"><\/div>\n\t\t<\/div>\n\t\t\t\t<\/div>\n\t\t\t\t<\/div>\n\t\t\t\t\t<\/div>\n\t\t<\/div>\n\t\t\t\t\t<\/div>\n\t\t<\/section>\n\t\t\t\t<section class=\"elementor-section elementor-top-section elementor-element elementor-element-120e0fd elementor-section-boxed elementor-section-height-default elementor-section-height-default wpr-particle-no wpr-jarallax-no wpr-parallax-no wpr-sticky-section-no wpr-equal-height-no\" data-id=\"120e0fd\" data-element_type=\"section\">\n\t\t\t\t\t\t<div class=\"elementor-container elementor-column-gap-default\">\n\t\t\t\t\t<div class=\"elementor-column elementor-col-100 elementor-top-column elementor-element elementor-element-506597b\" data-id=\"506597b\" data-element_type=\"column\">\n\t\t\t<div class=\"elementor-widget-wrap elementor-element-populated\">\n\t\t\t\t\t\t<div class=\"elementor-element elementor-element-803405b elementor-widget elementor-widget-heading\" data-id=\"803405b\" data-element_type=\"widget\" data-widget_type=\"heading.default\">\n\t\t\t\t<div class=\"elementor-widget-container\">\n\t\t\t<style>\/*! elementor - v3.23.0 - 05-08-2024 *\/\n.elementor-heading-title{padding:0;margin:0;line-height:1}.elementor-widget-heading .elementor-heading-title[class*=elementor-size-]>a{color:inherit;font-size:inherit;line-height:inherit}.elementor-widget-heading .elementor-heading-title.elementor-size-small{font-size:15px}.elementor-widget-heading .elementor-heading-title.elementor-size-medium{font-size:19px}.elementor-widget-heading .elementor-heading-title.elementor-size-large{font-size:29px}.elementor-widget-heading .elementor-heading-title.elementor-size-xl{font-size:39px}.elementor-widget-heading .elementor-heading-title.elementor-size-xxl{font-size:59px}<\/style><h2 class=\"elementor-heading-title elementor-size-default\">TEMPORADA 2024\/2025<\/h2>\t\t<\/div>\n\t\t\t\t<\/div>\n\t\t\t\t\t<\/div>\n\t\t<\/div>\n\t\t\t\t\t<\/div>\n\t\t<\/section>\n\t\t\t\t<section class=\"elementor-section elementor-top-section elementor-element elementor-element-538e5f2 elementor-section-boxed elementor-section-height-default elementor-section-height-default wpr-particle-no wpr-jarallax-no wpr-parallax-no wpr-sticky-section-no wpr-equal-height-no\" data-id=\"538e5f2\" data-element_type=\"section\">\n\t\t\t\t\t\t<div class=\"elementor-container elementor-column-gap-default\">\n\t\t\t\t\t<div class=\"elementor-column elementor-col-100 elementor-top-column elementor-element elementor-element-0d074c5\" data-id=\"0d074c5\" data-element_type=\"column\">\n\t\t\t<div class=\"elementor-widget-wrap elementor-element-populated\">\n\t\t\t\t\t\t<div class=\"elementor-element elementor-element-91f1979 elementor-widget elementor-widget-spacer\" data-id=\"91f1979\" data-element_type=\"widget\" data-widget_type=\"spacer.default\">\n\t\t\t\t<div class=\"elementor-widget-container\">\n\t\t\t\t\t<div class=\"elementor-spacer\">\n\t\t\t<div class=\"elementor-spacer-inner\"><\/div>\n\t\t<\/div>\n\t\t\t\t<\/div>\n\t\t\t\t<\/div>\n\t\t\t\t\t<\/div>\n\t\t<\/div>\n\t\t\t\t\t<\/div>\n\t\t<\/section>\n\t\t\t\t<section class=\"elementor-section elementor-top-section elementor-element elementor-element-6dec9fe elementor-section-boxed elementor-section-height-default elementor-section-height-default wpr-particle-no wpr-jarallax-no wpr-parallax-no wpr-sticky-section-no wpr-equal-height-no\" data-id=\"6dec9fe\" data-element_type=\"section\">\n\t\t\t\t\t\t<div class=\"elementor-container elementor-column-gap-default\">\n\t\t\t\t\t<div class=\"elementor-column elementor-col-100 elementor-top-column elementor-element elementor-element-7a6bb0a\" data-id=\"7a6bb0a\" data-element_type=\"column\">\n\t\t\t<div class=\"elementor-widget-wrap elementor-element-populated\">\n\t\t\t\t\t\t<div class=\"elementor-element elementor-element-2fa2f73 elementor-widget elementor-widget-text-editor\" data-id=\"2fa2f73\" data-element_type=\"widget\" data-widget_type=\"text-editor.default\">\n\t\t\t\t<div class=\"elementor-widget-container\">\n\t\t\t<style>\/*! elementor - v3.23.0 - 05-08-2024 *\/\n.elementor-widget-text-editor.elementor-drop-cap-view-stacked .elementor-drop-cap{background-color:#69727d;color:#fff}.elementor-widget-text-editor.elementor-drop-cap-view-framed .elementor-drop-cap{color:#69727d;border:3px solid;background-color:transparent}.elementor-widget-text-editor:not(.elementor-drop-cap-view-default) .elementor-drop-cap{margin-top:8px}.elementor-widget-text-editor:not(.elementor-drop-cap-view-default) .elementor-drop-cap-letter{width:1em;height:1em}.elementor-widget-text-editor .elementor-drop-cap{float:left;text-align:center;line-height:1;font-size:50px}.elementor-widget-text-editor .elementor-drop-cap-letter{display:inline-block}<\/style>\t\t\t\t<p>Tener un equipo profesional en Segunda FEB no es nada f\u00e1cil. Se necesita la ayuda de muchos aficionados, socios, instituciones p\u00fablicas, jugadores, profesionales, directivos, etc. Y, por supuesto, una de las patas m\u00e1s importantes son las empresas que apoyan y patrocinan nuestro proyecto.<\/p><p>Estamos muy agradecidos y orgullosos de poder ir de la mano de las siguientes empresa e instituciones locales y estatales.<\/p><p>Nos adaptamos a las necesidades de cada empresa, con propuestas de patrocinio personalizadas. Ahora m\u00e1s que nunca: <span style=\"color: #ff0000;\">\u00a1\u00danete al rojo!<\/span><img decoding=\"async\" class=\"emoji\" role=\"img\" draggable=\"false\" src=\"https:\/\/s.w.org\/images\/core\/emoji\/14.0.0\/svg\/1f534.svg\" alt=\"\ud83d\udd34\" \/><\/p><p>Cont\u00e1ctanos sin ning\u00fan tipo de compromiso y te daremos informaci\u00f3n para que puedas unirte a nuestro tejido empresarial.<\/p><p><img decoding=\"async\" class=\"emoji\" role=\"img\" draggable=\"false\" src=\"https:\/\/s.w.org\/images\/core\/emoji\/14.0.0\/svg\/260e.svg\" alt=\"\u260e\ufe0f\" \/> 653 28 44 98 (Quique)<br \/><img decoding=\"async\" class=\"emoji\" role=\"img\" draggable=\"false\" src=\"https:\/\/s.w.org\/images\/core\/emoji\/14.0.0\/svg\/1f4e9.svg\" alt=\"\ud83d\udce9\" \/> <a href=\"mailto:basquetbenicarlo@hotmail.com\">basquetbenicarlo@hotmail.com<\/a><\/p><p><a href=\"https:\/\/cbbenicarlo.com\/?page_id=948\">CONTACTA CON NOSOTROS<\/a><\/p>\t\t\t\t\t\t<\/div>\n\t\t\t\t<\/div>\n\t\t\t\t<div class=\"elementor-element elementor-element-088cc9c elementor-widget elementor-widget-image\" data-id=\"088cc9c\" data-element_type=\"widget\" data-widget_type=\"image.default\">\n\t\t\t\t<div class=\"elementor-widget-container\">\n\t\t\t<style>\/*! elementor - v3.23.0 - 05-08-2024 *\/\n.elementor-widget-image{text-align:center}.elementor-widget-image a{display:inline-block}.elementor-widget-image a img[src$=\".svg\"]{width:48px}.elementor-widget-image img{vertical-align:middle;display:inline-block}<\/style>\t\t\t\t\t\t\t\t\t\t<img fetchpriority=\"high\" decoding=\"async\" width=\"1024\" height=\"1024\" src=\"https:\/\/cbbenicarlo.com\/wp-content\/uploads\/2024\/10\/Imagen-de-WhatsApp-2024-10-30-a-las-09.17.19_06431cc4-1024x1024.jpg\" class=\"attachment-large size-large wp-image-2581\" alt=\"\" srcset=\"https:\/\/cbbenicarlo.com\/wp-content\/uploads\/2024\/10\/Imagen-de-WhatsApp-2024-10-30-a-las-09.17.19_06431cc4-1024x1024.jpg 1024w, https:\/\/cbbenicarlo.com\/wp-content\/uploads\/2024\/10\/Imagen-de-WhatsApp-2024-10-30-a-las-09.17.19_06431cc4-300x300.jpg 300w, https:\/\/cbbenicarlo.com\/wp-content\/uploads\/2024\/10\/Imagen-de-WhatsApp-2024-10-30-a-las-09.17.19_06431cc4-150x150.jpg 150w, https:\/\/cbbenicarlo.com\/wp-content\/uploads\/2024\/10\/Imagen-de-WhatsApp-2024-10-30-a-las-09.17.19_06431cc4-768x767.jpg 768w, https:\/\/cbbenicarlo.com\/wp-content\/uploads\/2024\/10\/Imagen-de-WhatsApp-2024-10-30-a-las-09.17.19_06431cc4-1536x1536.jpg 1536w, https:\/\/cbbenicarlo.com\/wp-content\/uploads\/2024\/10\/Imagen-de-WhatsApp-2024-10-30-a-las-09.17.19_06431cc4-600x600.jpg 600w, https:\/\/cbbenicarlo.com\/wp-content\/uploads\/2024\/10\/Imagen-de-WhatsApp-2024-10-30-a-las-09.17.19_06431cc4-128x128.jpg 128w, https:\/\/cbbenicarlo.com\/wp-content\/uploads\/2024\/10\/Imagen-de-WhatsApp-2024-10-30-a-las-09.17.19_06431cc4-32x32.jpg 32w, https:\/\/cbbenicarlo.com\/wp-content\/uploads\/2024\/10\/Imagen-de-WhatsApp-2024-10-30-a-las-09.17.19_06431cc4.jpg 2048w\" sizes=\"(max-width: 1024px) 100vw, 1024px\" \/>\t\t\t\t\t\t\t\t\t\t\t\t\t<\/div>\n\t\t\t\t<\/div>\n\t\t\t\t<div class=\"elementor-element elementor-element-edfcd95 elementor-widget elementor-widget-image\" data-id=\"edfcd95\" data-element_type=\"widget\" data-widget_type=\"image.default\">\n\t\t\t\t<div class=\"elementor-widget-container\">\n\t\t\t\t\t\t\t\t\t\t\t\t\t<img decoding=\"async\" width=\"768\" height=\"767\" src=\"https:\/\/cbbenicarlo.com\/wp-content\/uploads\/2024\/10\/Imagen-de-WhatsApp-2024-10-30-a-las-09.17.20_3eb24c21-768x767.jpg\" class=\"attachment-medium_large size-medium_large wp-image-2582\" alt=\"\" srcset=\"https:\/\/cbbenicarlo.com\/wp-content\/uploads\/2024\/10\/Imagen-de-WhatsApp-2024-10-30-a-las-09.17.20_3eb24c21-768x767.jpg 768w, https:\/\/cbbenicarlo.com\/wp-content\/uploads\/2024\/10\/Imagen-de-WhatsApp-2024-10-30-a-las-09.17.20_3eb24c21-300x300.jpg 300w, https:\/\/cbbenicarlo.com\/wp-content\/uploads\/2024\/10\/Imagen-de-WhatsApp-2024-10-30-a-las-09.17.20_3eb24c21-1024x1024.jpg 1024w, https:\/\/cbbenicarlo.com\/wp-content\/uploads\/2024\/10\/Imagen-de-WhatsApp-2024-10-30-a-las-09.17.20_3eb24c21-150x150.jpg 150w, https:\/\/cbbenicarlo.com\/wp-content\/uploads\/2024\/10\/Imagen-de-WhatsApp-2024-10-30-a-las-09.17.20_3eb24c21-1536x1536.jpg 1536w, https:\/\/cbbenicarlo.com\/wp-content\/uploads\/2024\/10\/Imagen-de-WhatsApp-2024-10-30-a-las-09.17.20_3eb24c21-600x600.jpg 600w, https:\/\/cbbenicarlo.com\/wp-content\/uploads\/2024\/10\/Imagen-de-WhatsApp-2024-10-30-a-las-09.17.20_3eb24c21-128x128.jpg 128w, https:\/\/cbbenicarlo.com\/wp-content\/uploads\/2024\/10\/Imagen-de-WhatsApp-2024-10-30-a-las-09.17.20_3eb24c21-32x32.jpg 32w, https:\/\/cbbenicarlo.com\/wp-content\/uploads\/2024\/10\/Imagen-de-WhatsApp-2024-10-30-a-las-09.17.20_3eb24c21.jpg 2048w\" sizes=\"(max-width: 768px) 100vw, 768px\" \/>\t\t\t\t\t\t\t\t\t\t\t\t\t<\/div>\n\t\t\t\t<\/div>\n\t\t\t\t<div class=\"elementor-element elementor-element-73adfc8 elementor-widget elementor-widget-image\" data-id=\"73adfc8\" data-element_type=\"widget\" data-widget_type=\"image.default\">\n\t\t\t\t<div class=\"elementor-widget-container\">\n\t\t\t\t\t\t\t\t\t\t\t\t\t<img decoding=\"async\" width=\"768\" height=\"767\" src=\"https:\/\/cbbenicarlo.com\/wp-content\/uploads\/2024\/10\/Imagen-de-WhatsApp-2024-10-30-a-las-09.17.20_9d282564-768x767.jpg\" class=\"attachment-medium_large size-medium_large wp-image-2583\" alt=\"\" srcset=\"https:\/\/cbbenicarlo.com\/wp-content\/uploads\/2024\/10\/Imagen-de-WhatsApp-2024-10-30-a-las-09.17.20_9d282564-768x767.jpg 768w, https:\/\/cbbenicarlo.com\/wp-content\/uploads\/2024\/10\/Imagen-de-WhatsApp-2024-10-30-a-las-09.17.20_9d282564-300x300.jpg 300w, https:\/\/cbbenicarlo.com\/wp-content\/uploads\/2024\/10\/Imagen-de-WhatsApp-2024-10-30-a-las-09.17.20_9d282564-1024x1024.jpg 1024w, https:\/\/cbbenicarlo.com\/wp-content\/uploads\/2024\/10\/Imagen-de-WhatsApp-2024-10-30-a-las-09.17.20_9d282564-150x150.jpg 150w, https:\/\/cbbenicarlo.com\/wp-content\/uploads\/2024\/10\/Imagen-de-WhatsApp-2024-10-30-a-las-09.17.20_9d282564-1536x1536.jpg 1536w, https:\/\/cbbenicarlo.com\/wp-content\/uploads\/2024\/10\/Imagen-de-WhatsApp-2024-10-30-a-las-09.17.20_9d282564-600x600.jpg 600w, https:\/\/cbbenicarlo.com\/wp-content\/uploads\/2024\/10\/Imagen-de-WhatsApp-2024-10-30-a-las-09.17.20_9d282564-128x128.jpg 128w, https:\/\/cbbenicarlo.com\/wp-content\/uploads\/2024\/10\/Imagen-de-WhatsApp-2024-10-30-a-las-09.17.20_9d282564-32x32.jpg 32w, https:\/\/cbbenicarlo.com\/wp-content\/uploads\/2024\/10\/Imagen-de-WhatsApp-2024-10-30-a-las-09.17.20_9d282564.jpg 2048w\" sizes=\"(max-width: 768px) 100vw, 768px\" \/>\t\t\t\t\t\t\t\t\t\t\t\t\t<\/div>\n\t\t\t\t<\/div>\n\t\t\t\t\t<\/div>\n\t\t<\/div>\n\t\t\t\t\t<\/div>\n\t\t<\/section>\n\t\t\t\t<section class=\"elementor-section elementor-top-section elementor-element elementor-element-46d6797 elementor-section-boxed elementor-section-height-default elementor-section-height-default wpr-particle-no wpr-jarallax-no wpr-parallax-no wpr-sticky-section-no wpr-equal-height-no\" data-id=\"46d6797\" data-element_type=\"section\" data-settings=\"{&quot;background_background&quot;:&quot;classic&quot;}\">\n\t\t\t\t\t\t\t<div class=\"elementor-background-overlay\"><\/div>\n\t\t\t\t\t\t\t<div class=\"elementor-container elementor-column-gap-default\">\n\t\t\t\t\t<div class=\"elementor-column elementor-col-16 elementor-top-column elementor-element elementor-element-89ff126\" data-id=\"89ff126\" data-element_type=\"column\">\n\t\t\t<div class=\"elementor-widget-wrap\">\n\t\t\t\t\t\t\t<\/div>\n\t\t<\/div>\n\t\t\t\t<div class=\"elementor-column elementor-col-16 elementor-top-column elementor-element elementor-element-1f06d5a\" data-id=\"1f06d5a\" data-element_type=\"column\">\n\t\t\t<div class=\"elementor-widget-wrap\">\n\t\t\t\t\t\t\t<\/div>\n\t\t<\/div>\n\t\t\t\t<div class=\"elementor-column elementor-col-16 elementor-top-column elementor-element elementor-element-02f7532\" data-id=\"02f7532\" data-element_type=\"column\">\n\t\t\t<div class=\"elementor-widget-wrap\">\n\t\t\t\t\t\t\t<\/div>\n\t\t<\/div>\n\t\t\t\t<div class=\"elementor-column elementor-col-16 elementor-top-column elementor-element elementor-element-5aa3388\" data-id=\"5aa3388\" data-element_type=\"column\">\n\t\t\t<div class=\"elementor-widget-wrap\">\n\t\t\t\t\t\t\t<\/div>\n\t\t<\/div>\n\t\t\t\t<div class=\"elementor-column elementor-col-16 elementor-top-column elementor-element elementor-element-e8c7296\" data-id=\"e8c7296\" data-element_type=\"column\">\n\t\t\t<div class=\"elementor-widget-wrap\">\n\t\t\t\t\t\t\t<\/div>\n\t\t<\/div>\n\t\t\t\t<div class=\"elementor-column elementor-col-16 elementor-top-column elementor-element elementor-element-a7b84a2\" data-id=\"a7b84a2\" data-element_type=\"column\">\n\t\t\t<div class=\"elementor-widget-wrap\">\n\t\t\t\t\t\t\t<\/div>\n\t\t<\/div>\n\t\t\t\t\t<\/div>\n\t\t<\/section>\n\t\t\t\t<section class=\"elementor-section elementor-top-section elementor-element elementor-element-e551b68 elementor-section-boxed elementor-section-height-default elementor-section-height-default wpr-particle-no wpr-jarallax-no wpr-parallax-no wpr-sticky-section-no wpr-equal-height-no\" data-id=\"e551b68\" data-element_type=\"section\">\n\t\t\t\t\t\t<div class=\"elementor-container elementor-column-gap-default\">\n\t\t\t\t\t<div class=\"elementor-column elementor-col-100 elementor-top-column elementor-element elementor-element-24a5849\" data-id=\"24a5849\" data-element_type=\"column\" data-settings=\"{&quot;background_background&quot;:&quot;classic&quot;}\">\n\t\t\t<div class=\"elementor-widget-wrap elementor-element-populated\">\n\t\t\t\t\t\t<div class=\"elementor-element elementor-element-8fee1c9 elementor-widget elementor-widget-spacer\" data-id=\"8fee1c9\" data-element_type=\"widget\" data-widget_type=\"spacer.default\">\n\t\t\t\t<div class=\"elementor-widget-container\">\n\t\t\t\t\t<div class=\"elementor-spacer\">\n\t\t\t<div class=\"elementor-spacer-inner\"><\/div>\n\t\t<\/div>\n\t\t\t\t<\/div>\n\t\t\t\t<\/div>\n\t\t\t\t\t<\/div>\n\t\t<\/div>\n\t\t\t\t\t<\/div>\n\t\t<\/section>\n\t\t\t\t<\/div>\n\t\t","protected":false},"excerpt":{"rendered":"<p>TEMPORADA 2024\/2025 Tener un equipo profesional en Segunda FEB no es nada f\u00e1cil. Se necesita la ayuda de muchos aficionados, socios, instituciones p\u00fablicas, jugadores, profesionales, directivos, etc. Y, por supuesto, una de las patas m\u00e1s importantes son las empresas que apoyan y patrocinan nuestro proyecto. Estamos muy agradecidos y orgullosos de poder ir de la mano de las siguientes empresa e instituciones locales y estatales. Nos adaptamos a las necesidades de cada empresa, con propuestas de patrocinio personalizadas. Ahora m\u00e1s que nunca: \u00a1\u00danete al rojo! Cont\u00e1ctanos sin ning\u00fan tipo de compromiso y te daremos informaci\u00f3n para que puedas unirte a nuestro tejido empresarial. 653 28 44 98 (Quique) basquetbenicarlo@hotmail.com CONTACTA CON NOSOTROS<\/p>\n","protected":false},"author":1,"featured_media":0,"parent":0,"menu_order":0,"comment_status":"closed","ping_status":"closed","template":"elementor_header_footer","meta":{"_eb_attr":""},"yoast_head":"<!-- This site is optimized with the Yoast SEO plugin v21.1 - https:\/\/yoast.com\/wordpress\/plugins\/seo\/ -->\n<title>PATROCINADORES | Club Basquet Benicarl\u00f3<\/title>\n<meta name=\"robots\" content=\"index, follow, max-snippet:-1, max-image-preview:large, max-video-preview:-1\" \/>\n<link rel=\"canonical\" href=\"https:\/\/cbbenicarlo.com\/?page_id=1124\" \/>\n<meta property=\"og:locale\" content=\"es_ES\" \/>\n<meta property=\"og:type\" content=\"article\" \/>\n<meta property=\"og:title\" content=\"PATROCINADORES | Club Basquet Benicarl\u00f3\" \/>\n<meta property=\"og:description\" content=\"TEMPORADA 2024\/2025 Tener un equipo profesional en Segunda FEB no es nada f\u00e1cil. Se necesita la ayuda de muchos aficionados, socios, instituciones p\u00fablicas, jugadores, profesionales, directivos, etc. Y, por supuesto, una de las patas m\u00e1s importantes son las empresas que apoyan y patrocinan nuestro proyecto. Estamos muy agradecidos y orgullosos de poder ir de la mano de las siguientes empresa e instituciones locales y estatales. Nos adaptamos a las necesidades de cada empresa, con propuestas de patrocinio personalizadas. Ahora m\u00e1s que nunca: \u00a1\u00danete al rojo! Cont\u00e1ctanos sin ning\u00fan tipo de compromiso y te daremos informaci\u00f3n para que puedas unirte a nuestro tejido empresarial. 653 28 44 98 (Quique) basquetbenicarlo@hotmail.com CONTACTA CON NOSOTROS\" \/>\n<meta property=\"og:url\" content=\"https:\/\/cbbenicarlo.com\/?page_id=1124\" \/>\n<meta property=\"og:site_name\" content=\"Club Basquet Benicarl\u00f3\" \/>\n<meta property=\"article:modified_time\" content=\"2024-10-30T18:16:36+00:00\" \/>\n<meta property=\"og:image\" content=\"https:\/\/s.w.org\/images\/core\/emoji\/14.0.0\/svg\/1f534.svg\" \/>\n<meta name=\"twitter:card\" content=\"summary_large_image\" \/>\n<meta name=\"twitter:label1\" content=\"Tiempo de lectura\" \/>\n\t<meta name=\"twitter:data1\" content=\"2 minutos\" \/>\n<script type=\"application\/ld+json\" class=\"yoast-schema-graph\">{\"@context\":\"https:\/\/schema.org\",\"@graph\":[{\"@type\":\"WebPage\",\"@id\":\"https:\/\/cbbenicarlo.com\/?page_id=1124\",\"url\":\"https:\/\/cbbenicarlo.com\/?page_id=1124\",\"name\":\"PATROCINADORES | Club Basquet Benicarl\u00f3\",\"isPartOf\":{\"@id\":\"https:\/\/cbbenicarlo.com\/#website\"},\"datePublished\":\"2022-06-06T15:17:57+00:00\",\"dateModified\":\"2024-10-30T18:16:36+00:00\",\"breadcrumb\":{\"@id\":\"https:\/\/cbbenicarlo.com\/?page_id=1124#breadcrumb\"},\"inLanguage\":\"es\",\"potentialAction\":[{\"@type\":\"ReadAction\",\"target\":[\"https:\/\/cbbenicarlo.com\/?page_id=1124\"]}]},{\"@type\":\"BreadcrumbList\",\"@id\":\"https:\/\/cbbenicarlo.com\/?page_id=1124#breadcrumb\",\"itemListElement\":[{\"@type\":\"ListItem\",\"position\":1,\"name\":\"Portada\",\"item\":\"https:\/\/cbbenicarlo.com\/\"},{\"@type\":\"ListItem\",\"position\":2,\"name\":\"PATROCINADORES\"}]},{\"@type\":\"WebSite\",\"@id\":\"https:\/\/cbbenicarlo.com\/#website\",\"url\":\"https:\/\/cbbenicarlo.com\/\",\"name\":\"Club Basquet Benicarl\u00f3\",\"description\":\"P\u00e1gina Web Oficial\",\"publisher\":{\"@id\":\"https:\/\/cbbenicarlo.com\/#organization\"},\"potentialAction\":[{\"@type\":\"SearchAction\",\"target\":{\"@type\":\"EntryPoint\",\"urlTemplate\":\"https:\/\/cbbenicarlo.com\/?s={search_term_string}\"},\"query-input\":\"required name=search_term_string\"}],\"inLanguage\":\"es\"},{\"@type\":\"Organization\",\"@id\":\"https:\/\/cbbenicarlo.com\/#organization\",\"name\":\"Club B\u00e0squet Benicarl\u00f3\",\"url\":\"https:\/\/cbbenicarlo.com\/\",\"logo\":{\"@type\":\"ImageObject\",\"inLanguage\":\"es\",\"@id\":\"https:\/\/cbbenicarlo.com\/#\/schema\/logo\/image\/\",\"url\":\"https:\/\/cbbenicarlo.com\/wp-content\/uploads\/2022\/05\/cropped-cropped-cropped-CBBENICARLO2021-22-2.png\",\"contentUrl\":\"https:\/\/cbbenicarlo.com\/wp-content\/uploads\/2022\/05\/cropped-cropped-cropped-CBBENICARLO2021-22-2.png\",\"width\":512,\"height\":512,\"caption\":\"Club B\u00e0squet Benicarl\u00f3\"},\"image\":{\"@id\":\"https:\/\/cbbenicarlo.com\/#\/schema\/logo\/image\/\"}}]}<\/script>\n<!-- \/ Yoast SEO plugin. -->","yoast_head_json":{"title":"PATROCINADORES | Club Basquet Benicarl\u00f3","robots":{"index":"index","follow":"follow","max-snippet":"max-snippet:-1","max-image-preview":"max-image-preview:large","max-video-preview":"max-video-preview:-1"},"canonical":"https:\/\/cbbenicarlo.com\/?page_id=1124","og_locale":"es_ES","og_type":"article","og_title":"PATROCINADORES | Club Basquet Benicarl\u00f3","og_description":"TEMPORADA 2024\/2025 Tener un equipo profesional en Segunda FEB no es nada f\u00e1cil. Se necesita la ayuda de muchos aficionados, socios, instituciones p\u00fablicas, jugadores, profesionales, directivos, etc. Y, por supuesto, una de las patas m\u00e1s importantes son las empresas que apoyan y patrocinan nuestro proyecto. Estamos muy agradecidos y orgullosos de poder ir de la mano de las siguientes empresa e instituciones locales y estatales. Nos adaptamos a las necesidades de cada empresa, con propuestas de patrocinio personalizadas. Ahora m\u00e1s que nunca: \u00a1\u00danete al rojo! Cont\u00e1ctanos sin ning\u00fan tipo de compromiso y te daremos informaci\u00f3n para que puedas unirte a nuestro tejido empresarial. 653 28 44 98 (Quique) basquetbenicarlo@hotmail.com CONTACTA CON NOSOTROS","og_url":"https:\/\/cbbenicarlo.com\/?page_id=1124","og_site_name":"Club Basquet Benicarl\u00f3","article_modified_time":"2024-10-30T18:16:36+00:00","og_image":[{"url":"https:\/\/s.w.org\/images\/core\/emoji\/14.0.0\/svg\/1f534.svg"}],"twitter_card":"summary_large_image","twitter_misc":{"Tiempo de lectura":"2 minutos"},"schema":{"@context":"https:\/\/schema.org","@graph":[{"@type":"WebPage","@id":"https:\/\/cbbenicarlo.com\/?page_id=1124","url":"https:\/\/cbbenicarlo.com\/?page_id=1124","name":"PATROCINADORES | Club Basquet Benicarl\u00f3","isPartOf":{"@id":"https:\/\/cbbenicarlo.com\/#website"},"datePublished":"2022-06-06T15:17:57+00:00","dateModified":"2024-10-30T18:16:36+00:00","breadcrumb":{"@id":"https:\/\/cbbenicarlo.com\/?page_id=1124#breadcrumb"},"inLanguage":"es","potentialAction":[{"@type":"ReadAction","target":["https:\/\/cbbenicarlo.com\/?page_id=1124"]}]},{"@type":"BreadcrumbList","@id":"https:\/\/cbbenicarlo.com\/?page_id=1124#breadcrumb","itemListElement":[{"@type":"ListItem","position":1,"name":"Portada","item":"https:\/\/cbbenicarlo.com\/"},{"@type":"ListItem","position":2,"name":"PATROCINADORES"}]},{"@type":"WebSite","@id":"https:\/\/cbbenicarlo.com\/#website","url":"https:\/\/cbbenicarlo.com\/","name":"Club Basquet Benicarl\u00f3","description":"P\u00e1gina Web Oficial","publisher":{"@id":"https:\/\/cbbenicarlo.com\/#organization"},"potentialAction":[{"@type":"SearchAction","target":{"@type":"EntryPoint","urlTemplate":"https:\/\/cbbenicarlo.com\/?s={search_term_string}"},"query-input":"required name=search_term_string"}],"inLanguage":"es"},{"@type":"Organization","@id":"https:\/\/cbbenicarlo.com\/#organization","name":"Club B\u00e0squet Benicarl\u00f3","url":"https:\/\/cbbenicarlo.com\/","logo":{"@type":"ImageObject","inLanguage":"es","@id":"https:\/\/cbbenicarlo.com\/#\/schema\/logo\/image\/","url":"https:\/\/cbbenicarlo.com\/wp-content\/uploads\/2022\/05\/cropped-cropped-cropped-CBBENICARLO2021-22-2.png","contentUrl":"https:\/\/cbbenicarlo.com\/wp-content\/uploads\/2022\/05\/cropped-cropped-cropped-CBBENICARLO2021-22-2.png","width":512,"height":512,"caption":"Club B\u00e0squet Benicarl\u00f3"},"image":{"@id":"https:\/\/cbbenicarlo.com\/#\/schema\/logo\/image\/"}}]}},"_links":{"self":[{"href":"https:\/\/cbbenicarlo.com\/index.php?rest_route=\/wp\/v2\/pages\/1124"}],"collection":[{"href":"https:\/\/cbbenicarlo.com\/index.php?rest_route=\/wp\/v2\/pages"}],"about":[{"href":"https:\/\/cbbenicarlo.com\/index.php?rest_route=\/wp\/v2\/types\/page"}],"author":[{"embeddable":true,"href":"https:\/\/cbbenicarlo.com\/index.php?rest_route=\/wp\/v2\/users\/1"}],"replies":[{"embeddable":true,"href":"https:\/\/cbbenicarlo.com\/index.php?rest_route=%2Fwp%2Fv2%2Fcomments&post=1124"}],"version-history":[{"count":51,"href":"https:\/\/cbbenicarlo.com\/index.php?rest_route=\/wp\/v2\/pages\/1124\/revisions"}],"predecessor-version":[{"id":2586,"href":"https:\/\/cbbenicarlo.com\/index.php?rest_route=\/wp\/v2\/pages\/1124\/revisions\/2586"}],"wp:attachment":[{"href":"https:\/\/cbbenicarlo.com\/index.php?rest_route=%2Fwp%2Fv2%2Fmedia&parent=1124"}],"curies":[{"name":"wp","href":"https:\/\/api.w.org\/{rel}","templated":true}]}}